{"id":386,"date":"2025-07-30T20:32:24","date_gmt":"2025-07-30T20:32:24","guid":{"rendered":"https:\/\/sydetec.com\/wp66\/?page_id=386"},"modified":"2025-10-25T00:13:28","modified_gmt":"2025-10-25T00:13:28","slug":"suministros-y-consumibles","status":"publish","type":"page","link":"https:\/\/sydetec.com\/wp66\/suministros-y-consumibles\/","title":{"rendered":"Impresoras, Suministros y Consumibles"},"content":{"rendered":"\n\n\n<h1>Zebra Technologies<\/h1>\n\n\n<p><\/p><h6 style=\"\"><font face=\"Arial\" size=\"3\">Impresoras a color de transferencia t\u00e9rmica marca Zebra modelo ZXP Serie 7<\/font><\/h6><p><p><\/p><span style=\"font-size: 16px; text-align: left; background-color: rgb(254, 254, 254); color: rgb(108, 108, 108); font-family: Roboto; font-weight: 300; display: inline !important; float: none;\">Caracter\u00edsticas est\u00e1ndar:<\/span><\/p><p><span style=\"font-size: 16px;\"><br><\/span><ul><li><p><span style=\"font-size: 16px;\">Resoluci\u00f3n de impresi\u00f3n de 300 dpi\/11,8 puntos por mm<\/span><\/p><\/li><li><p><span style=\"font-size: 16px;\">Conectividad USB 2.0 y Ethernet 10\/100<\/span><\/p><\/li><li><p><span style=\"font-size: 16px;\">Controladores certificados para Microsoft\u00ae Windows<\/span><\/p><\/li><li><p><span style=\"font-size: 16px;\">Recipiente para 15 tarjetas rechazadas (30 mil)<\/span><\/p><\/li><li><p><span style=\"font-size: 16px;\">Alimentador con capacidad para 250 tarjetas (30 mil)<\/span><\/p><\/li><li><p><span style=\"font-size: 16px;\">Recipiente de salida para 100 tarjetas (30 mil)<\/span><\/p><\/li><li><p><span style=\"font-size: 16px;\">Capacidad de alimentaci\u00f3n de una tarjeta<\/span><\/p><\/li><li><p><span style=\"font-size: 16px;\">Tecnolog\u00eda de materiales inteligente ix Series<\/span><\/p><\/li><li><p><span style=\"font-size: 16px;\">Pantalla LCD para el operador de 21 caracteres y 6 l\u00edneas con teclas programables<\/span><\/p><\/li><li><p><span style=\"font-size: 16px;\">Ranura de bloqueo f\u00edsico Kensington\u00ae<\/span><\/p><\/li><li><p><span style=\"font-size: 16px;\">Garant\u00eda limitada de dos a\u00f1os para la impresora y el cabezal de impresi\u00f3n<\/span><\/p><\/li><\/ul><p><span style=\"font-size: 16px; letter-spacing: 0px;\"><\/span><\/p><p><span style=\"font-size: 16px; letter-spacing: 0px;\"><br><\/span><\/p>Especificaciones de laminado e impresi\u00f3n:<p><\/p><p><\/p><ul><li><p>Impresi\u00f3n de transferencia t\u00e9rmica monocrom\u00e1tica o sublimaci\u00f3n de tinta a color<\/p><\/li><li><p>Impresi\u00f3n simple faz o doble faz<\/p><\/li><li><p>Calidad de impresi\u00f3n casi fotogr\u00e1fica<\/p><\/li><li><p>Impresi\u00f3n de borde a borde en material CR-80 est\u00e1ndar<\/p><\/li><li><p>Capacidad de impresi\u00f3n, codificaci\u00f3n y laminado en simult\u00e1neo<\/p><\/li><li><p>Laminado simple o doble faz sin desperdicios en una pasada<\/p><\/li><li><p>Impresi\u00f3n de 1375 tarjetas\/hora monocrom\u00e1ticas simple faz o 555 tarjetas\/hora doble faz<\/p><\/li><li><p>Impresi\u00f3n de 300 tarjetas\/hora en YMCKO simple faz a todo color<\/p><\/li><li><p>Impresi\u00f3n de 225 tarjetas\/hora en YMCKOK doble faz a todo color<\/p><\/li><li><p>Impresi\u00f3n de 270 tarjetas\/hora en YMCKO doble faz a todo color con laminado<\/p><\/li><\/ul><p><br><\/p><\/p>\n\n\n<h6>Cinta de color marca Zebra<\/h6>\n<h6><\/h6>\n<p>Ribbon de impresi\u00f3n para impresora Zebra ZXP series 7 (750 impresiones) No. de parte 800077-770<\/p>\n\n\n\n\n\n<h6>Kit de limpieza para impresora Zebra ZXP serie 7 con laminaci\u00f3n marca Ze<span style=\"line-height:1.5;\"><\/span>bra<\/h6>\n<h6><\/h6>\n<p>incluye:&nbsp;<\/p><p>Tarjetas de limpieza de alimentador;&nbsp;<\/p><p>Rutas de impresi\u00f3n tarjetas de limpieza para rodillos;&nbsp;<\/p><p>Tarjetas de limpieza de laminador&nbsp;<\/p><p>Hisopos de limpieza para cabezal.&nbsp;<\/p><p>No. de parte 105999-704<\/p><div><br><\/div><p><br><\/p>\n<h6><\/h6>\n<p><br><\/p>\n\n<h6>Kit de rodillos flexibles p<span style=\"line-height:1.5;\"><\/span>ara impresora ZXP series 7 marca Zebra<\/h6>\n<h6><\/h6><h6><\/h6>\n<p>No. de parte P1037750-049<\/p><p><br><\/p>\n\n\n\n<h6>Laminadores transparentes TOP marca Zebra<\/h6>\n<p style=\"font-size: small;\">Laminador transparent<span style=\"font-size:medium;\"><\/span>e TOP para impresora ZXP series 7; (750 impresiones) No. de parte 800085-914&nbsp;<\/p>\n\n<div><font color=\"#000000\" face=\"Lato\"><span style=\"font-size: 16px; letter-spacing: 1px; background-color: rgb(254, 254, 254);\">Kit de limpieza tarjeta abrasiva para impresora ZXP series 7 marca Zebra<\/span><\/font><\/div><div><br><\/div><p><font size=\"2\">No. de parte 105999-705<\/font><span style=\"font-size: small; background-color: rgb(254, 254, 254);\">&nbsp;<\/span><\/p>\n\n<p><font color=\"#000000\" face=\"Lato\"><span style=\"font-size: 16px; letter-spacing: 1px;\">Tarjetas PVC para impresora ZXP series 7 marca Zebra<\/span><\/font><\/p><p><br><\/p><p><font size=\"2\">Caracter\u00edsticas:<\/font><\/p><p><font size=\"2\">\u2022<span style=\"white-space:pre\">\t<\/span>Color blanco<\/font><\/p><p><font size=\"2\">\u2022<span style=\"white-space:pre\">\t<\/span>Grosor 30 mil (0.76mm)<\/font><\/p><p><font size=\"2\">\u2022<span style=\"white-space:pre\">\t<\/span>No. de parte 104524-101&nbsp;<\/font><\/p><div><br><\/div>\n\n\n\n\n","protected":false},"excerpt":{"rendered":"","protected":false},"author":1,"featured_media":0,"parent":0,"menu_order":0,"comment_status":"closed","ping_status":"closed","template":"","meta":{"pagelayer_contact_templates":[],"_pagelayer_content":"","footnotes":""},"class_list":["post-386","page","type-page","status-publish","hentry"],"_links":{"self":[{"href":"https:\/\/sydetec.com\/wp66\/wp-json\/wp\/v2\/pages\/386"}],"collection":[{"href":"https:\/\/sydetec.com\/wp66\/wp-json\/wp\/v2\/pages"}],"about":[{"href":"https:\/\/sydetec.com\/wp66\/wp-json\/wp\/v2\/types\/page"}],"author":[{"embeddable":true,"href":"https:\/\/sydetec.com\/wp66\/wp-json\/wp\/v2\/users\/1"}],"replies":[{"embeddable":true,"href":"https:\/\/sydetec.com\/wp66\/wp-json\/wp\/v2\/comments?post=386"}],"version-history":[{"count":17,"href":"https:\/\/sydetec.com\/wp66\/wp-json\/wp\/v2\/pages\/386\/revisions"}],"predecessor-version":[{"id":460,"href":"https:\/\/sydetec.com\/wp66\/wp-json\/wp\/v2\/pages\/386\/revisions\/460"}],"wp:attachment":[{"href":"https:\/\/sydetec.com\/wp66\/wp-json\/wp\/v2\/media?parent=386"}],"curies":[{"name":"wp","href":"https:\/\/api.w.org\/{rel}","templated":true}]}}