{"id":366,"date":"2025-07-30T20:28:32","date_gmt":"2025-07-30T20:28:32","guid":{"rendered":"https:\/\/sydetec.com\/wp66\/?page_id=366"},"modified":"2025-07-30T20:28:33","modified_gmt":"2025-07-30T20:28:33","slug":"tecnologia-y-equipamiento-profesional","status":"publish","type":"page","link":"https:\/\/sydetec.com\/wp66\/tecnologia-y-equipamiento-profesional\/","title":{"rendered":"Tecnolog\u00eda y Equipamiento Profesional"},"content":{"rendered":"\n\n\n\n\n\n<ul style=\"line-height: 2; font-size: large;\"><li>DELL, Lenovo, Apple, equipos Gamer y especializados.<\/li><\/ul><ul data-start=\"299\" data-end=\"499\">\n<\/ul>\n\n\n\n\n\n<ul data-start=\"554\" data-end=\"803\"><li data-start=\"554\" data-end=\"628\">Impresoras de credenciales, laminadores, relojes checadores biom\u00e9tricos.<\/li>\n<\/ul>\n\n\n\n\n\n\n<ul data-start=\"869\" data-end=\"1108\"><li data-start=\"869\" data-end=\"928\">IProyectores, pantallas interactivas, sistemas de sonido profesional, c\u00e1maras, esc\u00e1neres, displays t\u00e1ctiles y pantallas 4K..<\/li><\/ul>\n\n\n\n\n\n\n\n<ul data-start=\"1448\" data-end=\"1660\"><li data-start=\"1448\" data-end=\"1516\">C\u00e1maras Raspberry, m\u00f3dulos de video Matrox, visores VR HTC Vive.<\/li>\n<\/ul>\n\n\n\n\n\n\n\n\n\n","protected":false},"excerpt":{"rendered":"","protected":false},"author":1,"featured_media":0,"parent":0,"menu_order":0,"comment_status":"closed","ping_status":"closed","template":"","meta":{"pagelayer_contact_templates":[],"_pagelayer_content":"","footnotes":""},"class_list":["post-366","page","type-page","status-publish","hentry"],"_links":{"self":[{"href":"https:\/\/sydetec.com\/wp66\/wp-json\/wp\/v2\/pages\/366"}],"collection":[{"href":"https:\/\/sydetec.com\/wp66\/wp-json\/wp\/v2\/pages"}],"about":[{"href":"https:\/\/sydetec.com\/wp66\/wp-json\/wp\/v2\/types\/page"}],"author":[{"embeddable":true,"href":"https:\/\/sydetec.com\/wp66\/wp-json\/wp\/v2\/users\/1"}],"replies":[{"embeddable":true,"href":"https:\/\/sydetec.com\/wp66\/wp-json\/wp\/v2\/comments?post=366"}],"version-history":[{"count":7,"href":"https:\/\/sydetec.com\/wp66\/wp-json\/wp\/v2\/pages\/366\/revisions"}],"predecessor-version":[{"id":385,"href":"https:\/\/sydetec.com\/wp66\/wp-json\/wp\/v2\/pages\/366\/revisions\/385"}],"wp:attachment":[{"href":"https:\/\/sydetec.com\/wp66\/wp-json\/wp\/v2\/media?parent=366"}],"curies":[{"name":"wp","href":"https:\/\/api.w.org\/{rel}","templated":true}]}}