{"id":306,"date":"2025-07-29T23:41:15","date_gmt":"2025-07-29T23:41:15","guid":{"rendered":"https:\/\/sydetec.com\/wp66\/?page_id=306"},"modified":"2025-07-29T23:41:16","modified_gmt":"2025-07-29T23:41:16","slug":"gestion-integral-de-proyectos","status":"publish","type":"page","link":"https:\/\/sydetec.com\/wp66\/gestion-integral-de-proyectos\/","title":{"rendered":"Gesti\u00f3n Integral de Proyectos"},"content":{"rendered":"\n\n\n\n\n\n\n\n\n\n\n\n\n\n\n\n\n\n\n\n\n\n\n\n\n\n\n\n<p style=\"text-align: right; \"><span style=\"font-size: 20px; color: rgb(255, 255, 255);\"><strong style=\"line-height: 1;\">LOREM CORPORATE CEO<\/strong><\/span><\/p><p style=\"text-align: center;\"><span style=\"color: rgb(255, 255, 255);\">Duis aute irure dolor in reprehenderit in voluptate velit esse cillum dolore eu fugiat nulla pariatur. Excepteur sint occaecat cupidatat non proident, sunt in culpa qui officia deserunt mollit anim id est laborum.<\/span><\/p><p style=\"text-align: left;\"><sign>\u00a0 \u00a0 \u00a0 <span style=\"line-height: 2.0;\">Benn Marshall<\/span><\/sign><\/p>\n\n\n<p><span style=\"color: rgb(0, 0, 0); font-family: Roboto; font-size: 14px; text-decoration-style: initial;\">Expertos con trayectoria ofrecen consultor\u00eda para garantizar eficiencia, seguridad y cumplimiento:<\/span><\/p>\n<p><br><\/p>\n<p><span style=\"font-size: 14px; letter-spacing: 0px;\"><\/span><\/p><ul data-start=\"477\" data-end=\"695\" style=\"transition-duration: 1s; color: rgb(108, 108, 108); font-family: Roboto; text-decoration-style: initial; letter-spacing: normal;\"><ul data-start=\"853\" data-end=\"1145\" style=\"margin-left: 15px; color: rgb(108, 108, 108); font-family: Roboto; font-size: 15px; text-decoration-style: initial;\"><li data-start=\"1762\" data-end=\"1827\"><p data-start=\"1764\" data-end=\"1827\">Auditor\u00edas en sistemas el\u00e9ctricos, electr\u00f3nicos y de seguridad.<\/p><\/li><li data-start=\"1828\" data-end=\"1909\">\n<p data-start=\"1830\" data-end=\"1909\">Consultor\u00eda en dise\u00f1o de redes, infraestructura de TI y sistemas audiovisuales.<\/p>\n<\/li><li data-start=\"1910\" data-end=\"1964\">\n<p data-start=\"1912\" data-end=\"1964\">Asesor\u00eda en adquisici\u00f3n y modernizaci\u00f3n tecnol\u00f3gica.<\/p>\n<\/li><li data-start=\"1910\" data-end=\"1964\"><p data-start=\"1912\" data-end=\"1964\"><span style=\"letter-spacing: 0px;\">Diagn\u00f3stico y recomendaciones t\u00e9cnicas para optimizaci\u00f3n operativa.<\/span><\/p><\/li><\/ul><\/ul>\n\n\n\n\n","protected":false},"excerpt":{"rendered":"","protected":false},"author":1,"featured_media":0,"parent":0,"menu_order":0,"comment_status":"closed","ping_status":"closed","template":"","meta":{"pagelayer_contact_templates":[],"_pagelayer_content":"","footnotes":""},"class_list":["post-306","page","type-page","status-publish","hentry"],"_links":{"self":[{"href":"https:\/\/sydetec.com\/wp66\/wp-json\/wp\/v2\/pages\/306"}],"collection":[{"href":"https:\/\/sydetec.com\/wp66\/wp-json\/wp\/v2\/pages"}],"about":[{"href":"https:\/\/sydetec.com\/wp66\/wp-json\/wp\/v2\/types\/page"}],"author":[{"embeddable":true,"href":"https:\/\/sydetec.com\/wp66\/wp-json\/wp\/v2\/users\/1"}],"replies":[{"embeddable":true,"href":"https:\/\/sydetec.com\/wp66\/wp-json\/wp\/v2\/comments?post=306"}],"version-history":[{"count":3,"href":"https:\/\/sydetec.com\/wp66\/wp-json\/wp\/v2\/pages\/306\/revisions"}],"predecessor-version":[{"id":312,"href":"https:\/\/sydetec.com\/wp66\/wp-json\/wp\/v2\/pages\/306\/revisions\/312"}],"wp:attachment":[{"href":"https:\/\/sydetec.com\/wp66\/wp-json\/wp\/v2\/media?parent=306"}],"curies":[{"name":"wp","href":"https:\/\/api.w.org\/{rel}","templated":true}]}}