{"id":26,"date":"2025-07-25T03:53:22","date_gmt":"2025-07-25T03:53:22","guid":{"rendered":"https:\/\/sydetec.com\/wp66\/contact\/"},"modified":"2025-07-25T07:27:42","modified_gmt":"2025-07-25T07:27:42","slug":"contact","status":"publish","type":"page","link":"https:\/\/sydetec.com\/wp66\/contact\/","title":{"rendered":"Contacto"},"content":{"rendered":"\n<p><strong>Soluciones en Ingenier\u00eda y Desarrollo Tecnol\u00f3gico<\/strong><\/p>\n\n\n\n<p>Direcci\u00f3n: Maria Enriqueta Camarillo 25, Colonia Rafael Lucio, Xalapa Enriquez, Veracruz C.P. 91110<\/p>\n\n\n\n<p>Tel: 22 8348 2633<\/p>\n\n\n\n<p>Email: sydetec.sa@gmail.com<\/p>\n\n\n\n<p><\/p>\n","protected":false},"excerpt":{"rendered":"<p>Soluciones en Ingenier\u00eda y Desarrollo Tecnol\u00f3gico Direcci\u00f3n: Maria Enriqueta Camarillo 25, Colonia Rafael Lucio, Xalapa Enriquez, Veracruz C.P. 91110 Tel: 22 8348 2633 Email: sydetec.sa@gmail.com<\/p>\n","protected":false},"author":1,"featured_media":111,"parent":0,"menu_order":0,"comment_status":"closed","ping_status":"closed","template":"page-template\/contact.php","meta":{"pagelayer_contact_templates":[],"_pagelayer_content":"","footnotes":""},"class_list":["post-26","page","type-page","status-publish","has-post-thumbnail","hentry"],"_links":{"self":[{"href":"https:\/\/sydetec.com\/wp66\/wp-json\/wp\/v2\/pages\/26"}],"collection":[{"href":"https:\/\/sydetec.com\/wp66\/wp-json\/wp\/v2\/pages"}],"about":[{"href":"https:\/\/sydetec.com\/wp66\/wp-json\/wp\/v2\/types\/page"}],"author":[{"embeddable":true,"href":"https:\/\/sydetec.com\/wp66\/wp-json\/wp\/v2\/users\/1"}],"replies":[{"embeddable":true,"href":"https:\/\/sydetec.com\/wp66\/wp-json\/wp\/v2\/comments?post=26"}],"version-history":[{"count":3,"href":"https:\/\/sydetec.com\/wp66\/wp-json\/wp\/v2\/pages\/26\/revisions"}],"predecessor-version":[{"id":140,"href":"https:\/\/sydetec.com\/wp66\/wp-json\/wp\/v2\/pages\/26\/revisions\/140"}],"wp:featuredmedia":[{"embeddable":true,"href":"https:\/\/sydetec.com\/wp66\/wp-json\/wp\/v2\/media\/111"}],"wp:attachment":[{"href":"https:\/\/sydetec.com\/wp66\/wp-json\/wp\/v2\/media?parent=26"}],"curies":[{"name":"wp","href":"https:\/\/api.w.org\/{rel}","templated":true}]}}