{"id":22,"date":"2025-07-25T03:53:22","date_gmt":"2025-07-25T03:53:22","guid":{"rendered":"https:\/\/sydetec.com\/wp66\/page\/"},"modified":"2025-07-29T23:00:54","modified_gmt":"2025-07-29T23:00:54","slug":"page","status":"publish","type":"page","link":"https:\/\/sydetec.com\/wp66\/page\/","title":{"rendered":"Desarrollo de Proyectos de Ingenier\u00eda"},"content":{"rendered":"\n\n\n\n\n\n\n\n\n\n\n\n\n\n\n\n\n\n\n\n\n\n\n\n\n\n\n\n<p style=\"text-align: right; \"><span style=\"font-size: 20px; color: rgb(255, 255, 255);\"><strong style=\"line-height: 1;\">LOREM CORPORATE CEO<\/strong><\/span><\/p><p style=\"text-align: center;\"><span style=\"color: rgb(255, 255, 255);\">Duis aute irure dolor in reprehenderit in voluptate velit esse cillum dolore eu fugiat nulla pariatur. Excepteur sint occaecat cupidatat non proident, sunt in culpa qui officia deserunt mollit anim id est laborum.<\/span><\/p><p style=\"text-align: left;\"><sign>\u00a0 \u00a0 \u00a0 <span style=\"line-height: 2.0;\">Benn Marshall<\/span><\/sign><\/p>\n\n\n<p><span style=\"letter-spacing: normal;\">S<\/span><span style=\"font-size: medium; letter-spacing: normal;\">YDETEC dise\u00f1a e implementa proyectos de ingenier\u00eda a la medida, integrando tecnolog\u00edas de punta y metodolog\u00edas probadas en sectores industriales, educativos y gubernamentales. Ofrecemos<\/span><span style=\"letter-spacing: normal;\">:<\/span><\/p>\n<p><span style=\"font-size: 14px; letter-spacing: 0px;\"><\/span><\/p><ul data-start=\"477\" data-end=\"695\" style=\"transition-duration: 1s; color: rgb(108, 108, 108); font-family: Roboto; text-decoration-style: initial; letter-spacing: normal;\"><li data-start=\"477\" data-end=\"523\" style=\"font-size: 16px;\"><p data-start=\"479\" data-end=\"523\" style=\"font-size: 14px;\"><span style=\"font-size: 14px;\"><span style=\"text-align: left;\">Dise\u00f1o el\u00e9ctrico, electr\u00f3nico y mecatr\u00f3nico.<\/span><\/span><\/p><\/li><li data-start=\"477\" data-end=\"523\" style=\"font-size: 16px;\"><p data-start=\"479\" data-end=\"523\" style=\"font-size: 14px;\"><span style=\"font-size: 14px;\">Integraci\u00f3n de soluciones tecnol\u00f3gicas multisistema.<\/span><\/p><\/li><li data-start=\"579\" data-end=\"695\" style=\"font-size: 16px; transition-duration: 1s;\"><p data-start=\"581\" data-end=\"695\" style=\"font-size: 14px; transition-duration: 1s;\">Gesti\u00f3n completa del ciclo de vida del proyecto (dise\u00f1o, implementaci\u00f3n, pruebas, puesta en marcha y seguimiento).<\/p><\/li><\/ul>\n\n\n\n\n","protected":false},"excerpt":{"rendered":"","protected":false},"author":1,"featured_media":0,"parent":0,"menu_order":0,"comment_status":"closed","ping_status":"closed","template":"","meta":{"pagelayer_contact_templates":[],"_pagelayer_content":"","footnotes":""},"class_list":["post-22","page","type-page","status-publish","hentry"],"_links":{"self":[{"href":"https:\/\/sydetec.com\/wp66\/wp-json\/wp\/v2\/pages\/22"}],"collection":[{"href":"https:\/\/sydetec.com\/wp66\/wp-json\/wp\/v2\/pages"}],"about":[{"href":"https:\/\/sydetec.com\/wp66\/wp-json\/wp\/v2\/types\/page"}],"author":[{"embeddable":true,"href":"https:\/\/sydetec.com\/wp66\/wp-json\/wp\/v2\/users\/1"}],"replies":[{"embeddable":true,"href":"https:\/\/sydetec.com\/wp66\/wp-json\/wp\/v2\/comments?post=22"}],"version-history":[{"count":23,"href":"https:\/\/sydetec.com\/wp66\/wp-json\/wp\/v2\/pages\/22\/revisions"}],"predecessor-version":[{"id":291,"href":"https:\/\/sydetec.com\/wp66\/wp-json\/wp\/v2\/pages\/22\/revisions\/291"}],"wp:attachment":[{"href":"https:\/\/sydetec.com\/wp66\/wp-json\/wp\/v2\/media?parent=22"}],"curies":[{"name":"wp","href":"https:\/\/api.w.org\/{rel}","templated":true}]}}